{"id":9,"date":"2020-09-01T00:33:19","date_gmt":"2020-08-31T22:33:19","guid":{"rendered":"http:\/\/echographie-tours.fr\/?page_id=9"},"modified":"2026-02-11T12:38:21","modified_gmt":"2026-02-11T11:38:21","slug":"contact","status":"publish","type":"page","link":"https:\/\/echographie-tours.fr\/?page_id=9","title":{"rendered":"Contact"},"content":{"rendered":"\n<p>C\u2019est une page avec des informations de contact de base, comme l\u2019adresse et le num\u00e9ro de t\u00e9l\u00e9phone. Vous pouvez aussi essayer une extension pour ajouter un formulaire de contact.<\/p>\n","protected":false},"excerpt":{"rendered":"<p>C\u2019est une page avec des informations de contact de base, comme l\u2019adresse et le num\u00e9ro de t\u00e9l\u00e9phone. Vous pouvez aussi essayer une extension pour ajouter un formulaire de contact.<\/p>\n","protected":false},"author":1,"featured_media":0,"parent":0,"menu_order":0,"comment_status":"closed","ping_status":"closed","template":"","meta":{"footnotes":""},"class_list":["post-9","page","type-page","status-publish","hentry"],"_links":{"self":[{"href":"https:\/\/echographie-tours.fr\/index.php?rest_route=\/wp\/v2\/pages\/9","targetHints":{"allow":["GET"]}}],"collection":[{"href":"https:\/\/echographie-tours.fr\/index.php?rest_route=\/wp\/v2\/pages"}],"about":[{"href":"https:\/\/echographie-tours.fr\/index.php?rest_route=\/wp\/v2\/types\/page"}],"author":[{"embeddable":true,"href":"https:\/\/echographie-tours.fr\/index.php?rest_route=\/wp\/v2\/users\/1"}],"replies":[{"embeddable":true,"href":"https:\/\/echographie-tours.fr\/index.php?rest_route=%2Fwp%2Fv2%2Fcomments&post=9"}],"version-history":[{"count":2,"href":"https:\/\/echographie-tours.fr\/index.php?rest_route=\/wp\/v2\/pages\/9\/revisions"}],"predecessor-version":[{"id":53,"href":"https:\/\/echographie-tours.fr\/index.php?rest_route=\/wp\/v2\/pages\/9\/revisions\/53"}],"wp:attachment":[{"href":"https:\/\/echographie-tours.fr\/index.php?rest_route=%2Fwp%2Fv2%2Fmedia&parent=9"}],"curies":[{"name":"wp","href":"https:\/\/api.w.org\/{rel}","templated":true}]}}