{"id":8,"date":"2020-09-01T00:33:19","date_gmt":"2020-08-31T22:33:19","guid":{"rendered":"http:\/\/echographie-tours.fr\/?page_id=8"},"modified":"2020-11-18T23:11:31","modified_gmt":"2020-11-18T22:11:31","slug":"a-propos-de","status":"publish","type":"page","link":"https:\/\/echographie-tours.fr\/?page_id=8","title":{"rendered":"\u00c0 propos de"},"content":{"rendered":"\n<p class=\"has-larger-font-size\"><strong>Dr Corneliu Gradinaru<\/strong><\/p>\n\n\n\n<p><strong>Exp\u00e9rience professionnelle<\/strong><\/p>\n\n\n\n<ul class=\"wp-block-list\"><li>Praticien Hospitalier titulaire, Service Echographie-Doppler, P\u00f4le Imagerie M\u00e9dicale du CHRU de Tours (depuis 2017)<\/li><li>Praticien Hospitalier Contractuel, Service Echographie-Doppler, P\u00f4le Imagerie M\u00e9dicale du CHRU de Tours (2015-2017)<\/li><li>Praticien Hospitalier Contractuel, Secteur Echographie G\u00e9n\u00e9rale, Service de Radiologie du CH de Niort (2012-2015)<\/li><li>M\u00e9decin G\u00e9n\u00e9raliste dans les Services de M\u00e9decine Polyvalente et Soins Palliatifs de la Polyclinique de Poitiers (2013-2014)<\/li><\/ul>\n\n\n\n<p><strong>Formation universitaire<\/strong><\/p>\n\n\n\n<p><em>Dipl\u00f4me Inter-Universitaire d\u2019\u00e9chographie mention \u00ab&nbsp;Echographie G\u00e9n\u00e9rale&nbsp;\u00bb : <\/em>Facult\u00e9 de M\u00e9decine et de Pharmacie, Universit\u00e9 de Poitiers (2011-2013)<\/p>\n\n\n\n<p><em>Dipl\u00f4me d\u2019\u00e9tat de docteur en m\u00e9decine<\/em> : Facult\u00e9 de M\u00e9decine et de Pharmacie, Universit\u00e9 de Poitiers (2008-2012)<\/p>\n\n\n\n<p><\/p>\n\n\n\n<p><\/p>\n","protected":false},"excerpt":{"rendered":"<p>Dr Corneliu Gradinaru Exp\u00e9rience professionnelle Praticien Hospitalier titulaire, Service Echographie-Doppler, P\u00f4le Imagerie M\u00e9dicale du CHRU de Tours (depuis 2017) Praticien Hospitalier Contractuel, Service Echographie-Doppler, P\u00f4le Imagerie M\u00e9dicale du CHRU de Tours (2015-2017) Praticien Hospitalier Contractuel, Secteur Echographie G\u00e9n\u00e9rale, Service de Radiologie du CH de Niort (2012-2015) M\u00e9decin G\u00e9n\u00e9raliste dans les Services de M\u00e9decine Polyvalente et [&hellip;]<\/p>\n","protected":false},"author":1,"featured_media":0,"parent":0,"menu_order":0,"comment_status":"closed","ping_status":"closed","template":"","meta":{"footnotes":""},"class_list":["post-8","page","type-page","status-publish","hentry"],"_links":{"self":[{"href":"https:\/\/echographie-tours.fr\/index.php?rest_route=\/wp\/v2\/pages\/8","targetHints":{"allow":["GET"]}}],"collection":[{"href":"https:\/\/echographie-tours.fr\/index.php?rest_route=\/wp\/v2\/pages"}],"about":[{"href":"https:\/\/echographie-tours.fr\/index.php?rest_route=\/wp\/v2\/types\/page"}],"author":[{"embeddable":true,"href":"https:\/\/echographie-tours.fr\/index.php?rest_route=\/wp\/v2\/users\/1"}],"replies":[{"embeddable":true,"href":"https:\/\/echographie-tours.fr\/index.php?rest_route=%2Fwp%2Fv2%2Fcomments&post=8"}],"version-history":[{"count":6,"href":"https:\/\/echographie-tours.fr\/index.php?rest_route=\/wp\/v2\/pages\/8\/revisions"}],"predecessor-version":[{"id":49,"href":"https:\/\/echographie-tours.fr\/index.php?rest_route=\/wp\/v2\/pages\/8\/revisions\/49"}],"wp:attachment":[{"href":"https:\/\/echographie-tours.fr\/index.php?rest_route=%2Fwp%2Fv2%2Fmedia&parent=8"}],"curies":[{"name":"wp","href":"https:\/\/api.w.org\/{rel}","templated":true}]}}